{"id":18,"date":"2023-11-29T12:05:47","date_gmt":"2023-11-29T11:05:47","guid":{"rendered":"https:\/\/naturjiva.net\/?page_id=18"},"modified":"2024-02-18T22:16:08","modified_gmt":"2024-02-18T21:16:08","slug":"inicio","status":"publish","type":"page","link":"https:\/\/naturjiva.net\/","title":{"rendered":"Inicio"},"content":{"rendered":"\t\t<div data-elementor-type=\"wp-page\" data-elementor-id=\"18\" class=\"elementor elementor-18\">\n\t\t\t\t<div class=\"elementor-element elementor-element-0154454 e-flex e-con-boxed e-con e-parent\" data-id=\"0154454\" data-element_type=\"container\" data-e-type=\"container\" data-settings=\"{&quot;background_background&quot;:&quot;classic&quot;}\">\n\t\t\t\t\t<div class=\"e-con-inner\">\n\t\t\t\t<div class=\"elementor-element elementor-element-cc1afb5 elementor-widget elementor-widget-heading\" data-id=\"cc1afb5\" data-element_type=\"widget\" data-e-type=\"widget\" data-widget_type=\"heading.default\">\n\t\t\t\t<div class=\"elementor-widget-container\">\n\t\t\t\t\t<h2 class=\"elementor-heading-title elementor-size-default\">\"Descubre el poder de la c\u00e1bala en tu vida\"<\/h2>\t\t\t\t<\/div>\n\t\t\t\t<\/div>\n\t\t\t\t<div class=\"elementor-element elementor-element-aef9126 elementor-widget elementor-widget-heading\" data-id=\"aef9126\" data-element_type=\"widget\" data-e-type=\"widget\" data-widget_type=\"heading.default\">\n\t\t\t\t<div class=\"elementor-widget-container\">\n\t\t\t\t\t<h3 class=\"elementor-heading-title elementor-size-default\">Explora nuestros estudios cabal\u00edsticos y encuentra el camino a la felicidad y el \u00e9xito<\/h3>\t\t\t\t<\/div>\n\t\t\t\t<\/div>\n\t\t\t\t<div class=\"elementor-element elementor-element-b6f8df3 elementor-widget elementor-widget-image\" data-id=\"b6f8df3\" data-element_type=\"widget\" data-e-type=\"widget\" data-widget_type=\"image.default\">\n\t\t\t\t<div class=\"elementor-widget-container\">\n\t\t\t\t\t\t\t\t\t\t\t\t\t\t\t<img decoding=\"async\" src=\"https:\/\/naturjiva.net\/wp-content\/uploads\/elementor\/thumbs\/Arbol-de-la-vida-qk0bk9unupx4101jrlin2zbg3y42oonk3et7fw2sug.png\" title=\"Arbol de la vida\" alt=\"Arbol de la vida\" loading=\"lazy\" \/>\t\t\t\t\t\t\t\t\t\t\t\t\t\t\t<\/div>\n\t\t\t\t<\/div>\n\t\t\t\t<div class=\"elementor-element elementor-element-02b5063 elementor-widget elementor-widget-text-editor\" data-id=\"02b5063\" data-element_type=\"widget\" data-e-type=\"widget\" data-widget_type=\"text-editor.default\">\n\t\t\t\t<div class=\"elementor-widget-container\">\n\t\t\t\t\t\t\t\t\t<p>La c\u00e1bala es una antigua tradici\u00f3n m\u00edstica y espiritual que se origin\u00f3 en el juda\u00edsmo y se ha desarrollado a lo largo de siglos. Se basa en la idea de que cada persona tiene un prop\u00f3sito y una misi\u00f3n \u00fanicos en la vida, y que el estudio y la aplicaci\u00f3n de la c\u00e1bala pueden ayudar a las personas a descubrir y cumplir con ese prop\u00f3sito.<\/p><p>La c\u00e1bala ofrece herramientas y t\u00e9cnicas para explorar la naturaleza humana y la realidad cotidiana, y para encontrar un significado m\u00e1s profundo y una direcci\u00f3n clara en la vida. A trav\u00e9s del estudio de la Tor\u00e1, la filosof\u00eda, la meditaci\u00f3n y otras pr\u00e1cticas, la c\u00e1bala puede ayudar a las personas a comprender mejor sus pensamientos, emociones y acciones, y a encontrar un camino personal hacia la iluminaci\u00f3n y la liberaci\u00f3n.<\/p><p>Adem\u00e1s, la c\u00e1bala tambi\u00e9n ense\u00f1a que todo en la vida est\u00e1 interconectado y que cada acci\u00f3n y elecci\u00f3n que tomamos tiene un impacto en nosotros mismos y en el mundo que nos rodea. Al aprender a reconocer y honrar estas conexiones, podemos vivir una vida m\u00e1s plena, satisfactoria y significativa.<\/p><p>En resumen, la c\u00e1bala es una rica y compleja tradici\u00f3n que ofrece una perspectiva \u00fanica sobre el mundo y nuestro lugar en \u00e9l. A trav\u00e9s de su estudio y pr\u00e1ctica, podemos encontrar nuestro camino en la vida, descubrir nuestro prop\u00f3sito y alcanzar una mayor comprensi\u00f3n y conexi\u00f3n con nosotros mismos y con el mundo que nos rodea.<\/p>\t\t\t\t\t\t\t\t<\/div>\n\t\t\t\t<\/div>\n\t\t\t\t\t<\/div>\n\t\t\t\t<\/div>\n\t\t<div class=\"elementor-element elementor-element-310d6a4 e-flex e-con-boxed e-con e-parent\" data-id=\"310d6a4\" data-element_type=\"container\" data-e-type=\"container\">\n\t\t\t\t\t<div class=\"e-con-inner\">\n\t\t<div class=\"elementor-element elementor-element-8e9524e e-con-full e-flex e-con e-child\" data-id=\"8e9524e\" data-element_type=\"container\" data-e-type=\"container\">\n\t\t\t\t<div class=\"elementor-element elementor-element-e4b16d1 elementor-widget elementor-widget-heading\" data-id=\"e4b16d1\" data-element_type=\"widget\" data-e-type=\"widget\" data-widget_type=\"heading.default\">\n\t\t\t\t<div class=\"elementor-widget-container\">\n\t\t\t\t\t<h3 class=\"elementor-heading-title elementor-size-default\">\u00bfQu\u00e9 es la c\u00e1bala?<\/h3>\t\t\t\t<\/div>\n\t\t\t\t<\/div>\n\t\t\t\t<div class=\"elementor-element elementor-element-c817012 elementor-widget elementor-widget-text-editor\" data-id=\"c817012\" data-element_type=\"widget\" data-e-type=\"widget\" data-widget_type=\"text-editor.default\">\n\t\t\t\t<div class=\"elementor-widget-container\">\n\t\t\t\t\t\t\t\t\t<p>La c\u00e1bala es una corriente filos\u00f3fica y m\u00edstica que surgi\u00f3 dentro del juda\u00edsmo y se desarroll\u00f3 a partir del siglo II d.C. Su nombre proviene del hebreo \u00abkabbalah\u00bb, que significa \u00abrecibir\u00bb o \u00abtradici\u00f3n\u00bb. La c\u00e1bala es una interpretaci\u00f3n misticay aleg\u00f3rica de la Tor\u00e1 y otros textos sagrados jud\u00edos, con el objetivo de descubrir su significado oculto y profundo.<\/p><p>El origen de la c\u00e1bala se atribuye a los sabios y mistagogos jud\u00edos de la \u00e9poca talm\u00fadica, quienes buscaban penetrar en el misterio divino y comprehender la naturaleza de Dios y su relaci\u00f3n con el mundo. La c\u00e1bala se basa en la creencia de que la Tor\u00e1 contiene secretos y verdades escondidas que solo pueden ser reveladas a trav\u00e9s de la interpretaci\u00f3n simb\u00f3lica y aleg\u00f3rica de sus palabras y expresiones.<\/p><p>La c\u00e1bala se desarroll\u00f3 en diferentes centros de estudio en Israel y Europa, y se dividi\u00f3 en varias ramas, como la c\u00e1bala hermen\u00e9utica, la c\u00e1bala teol\u00f3gica y la c\u00e1bala pr\u00e1ctica. Esta \u00faltima se enfoca en la aplicaci\u00f3n de los principios cabal\u00edsticos a la vida diaria y la spiritualidad personal.<\/p><p>Desde su origen, la c\u00e1bala ha tenido una gran influencia en la cultura y la religi\u00f3n jud\u00edas, y ha inspirado movimientos y ense\u00f1anzas espirituales en otras tradiciones religiosas y culturas.<\/p>\t\t\t\t\t\t\t\t<\/div>\n\t\t\t\t<\/div>\n\t\t\t\t<\/div>\n\t\t<div class=\"elementor-element elementor-element-34a7810 e-con-full e-flex e-con e-child\" data-id=\"34a7810\" data-element_type=\"container\" data-e-type=\"container\" data-settings=\"{&quot;background_background&quot;:&quot;classic&quot;}\">\n\t\t\t\t<div class=\"elementor-element elementor-element-361b485 elementor-widget elementor-widget-image\" data-id=\"361b485\" data-element_type=\"widget\" data-e-type=\"widget\" data-widget_type=\"image.default\">\n\t\t\t\t<div class=\"elementor-widget-container\">\n\t\t\t\t\t\t\t\t\t\t\t\t\t\t\t<img fetchpriority=\"high\" decoding=\"async\" width=\"1024\" height=\"683\" src=\"https:\/\/naturjiva.net\/wp-content\/uploads\/2024\/02\/af9621d1-7816-4d09-ae37-bba3663a6900-1024x683.png\" class=\"attachment-large size-large wp-image-404\" alt=\"Meditaci\u00f3n\" srcset=\"https:\/\/naturjiva.net\/wp-content\/uploads\/2024\/02\/af9621d1-7816-4d09-ae37-bba3663a6900-1024x683.png 1024w, https:\/\/naturjiva.net\/wp-content\/uploads\/2024\/02\/af9621d1-7816-4d09-ae37-bba3663a6900-300x200.png 300w, https:\/\/naturjiva.net\/wp-content\/uploads\/2024\/02\/af9621d1-7816-4d09-ae37-bba3663a6900-768x512.png 768w, https:\/\/naturjiva.net\/wp-content\/uploads\/2024\/02\/af9621d1-7816-4d09-ae37-bba3663a6900-600x400.png 600w, https:\/\/naturjiva.net\/wp-content\/uploads\/2024\/02\/af9621d1-7816-4d09-ae37-bba3663a6900.png 1152w\" sizes=\"(max-width: 1024px) 100vw, 1024px\" \/>\t\t\t\t\t\t\t\t\t\t\t\t\t\t\t<\/div>\n\t\t\t\t<\/div>\n\t\t\t\t<\/div>\n\t\t\t\t\t<\/div>\n\t\t\t\t<\/div>\n\t\t<div class=\"elementor-element elementor-element-3904594 e-flex e-con-boxed e-con e-parent\" data-id=\"3904594\" data-element_type=\"container\" data-e-type=\"container\">\n\t\t\t\t\t<div class=\"e-con-inner\">\n\t\t\t\t<div class=\"elementor-element elementor-element-d5a5488 elementor-widget elementor-widget-heading\" data-id=\"d5a5488\" data-element_type=\"widget\" data-e-type=\"widget\" data-widget_type=\"heading.default\">\n\t\t\t\t<div class=\"elementor-widget-container\">\n\t\t\t\t\t<h2 class=\"elementor-heading-title elementor-size-default\">C\u00f3mo la C\u00e1bala puede ayudarte a encontrar tu camino en la vida<\/h2>\t\t\t\t<\/div>\n\t\t\t\t<\/div>\n\t\t\t\t<div class=\"elementor-element elementor-element-8da65ce elementor-widget elementor-widget-text-editor\" data-id=\"8da65ce\" data-element_type=\"widget\" data-e-type=\"widget\" data-widget_type=\"text-editor.default\">\n\t\t\t\t<div class=\"elementor-widget-container\">\n\t\t\t\t\t\t\t\t\t<p>La c\u00e1bala puede ayudar a las personas a encontrar su camino en la vida de varias maneras:<\/p>\t\t\t\t\t\t\t\t<\/div>\n\t\t\t\t<\/div>\n\t\t\t\t\t<\/div>\n\t\t\t\t<\/div>\n\t\t<div class=\"elementor-element elementor-element-61053ba e-con-full e-flex e-con e-parent\" data-id=\"61053ba\" data-element_type=\"container\" data-e-type=\"container\">\n\t\t<div class=\"elementor-element elementor-element-97b9b3b e-con-full e-flex e-con e-child\" data-id=\"97b9b3b\" data-element_type=\"container\" data-e-type=\"container\">\n\t\t\t\t<div class=\"elementor-element elementor-element-22f5947 elementor-widget__width-initial elementor-position-top elementor-widget elementor-widget-image-box\" data-id=\"22f5947\" data-element_type=\"widget\" data-e-type=\"widget\" data-widget_type=\"image-box.default\">\n\t\t\t\t<div class=\"elementor-widget-container\">\n\t\t\t\t\t<div class=\"elementor-image-box-wrapper\"><figure class=\"elementor-image-box-img\"><img decoding=\"async\" width=\"300\" height=\"225\" src=\"https:\/\/naturjiva.net\/wp-content\/uploads\/2024\/02\/Default_Create_a_realistic_image_that_represents_the_concept_o_0-1-300x225.jpg\" class=\"attachment-medium size-medium wp-image-415\" alt=\"\" srcset=\"https:\/\/naturjiva.net\/wp-content\/uploads\/2024\/02\/Default_Create_a_realistic_image_that_represents_the_concept_o_0-1-300x225.jpg 300w, https:\/\/naturjiva.net\/wp-content\/uploads\/2024\/02\/Default_Create_a_realistic_image_that_represents_the_concept_o_0-1-768x576.jpg 768w, https:\/\/naturjiva.net\/wp-content\/uploads\/2024\/02\/Default_Create_a_realistic_image_that_represents_the_concept_o_0-1-600x450.jpg 600w, https:\/\/naturjiva.net\/wp-content\/uploads\/2024\/02\/elementor\/thumbs\/Default_Create_a_realistic_image_that_represents_the_concept_o_0-1-qjwv6z62awk7en1pdohsxe53a2e34ee0njfchach4o.jpg 400w, https:\/\/naturjiva.net\/wp-content\/uploads\/2024\/02\/Default_Create_a_realistic_image_that_represents_the_concept_o_0-1.jpg 1024w\" sizes=\"(max-width: 300px) 100vw, 300px\" \/><\/figure><div class=\"elementor-image-box-content\"><h3 class=\"elementor-image-box-title\">Conciencia de uno mismo<\/h3><p class=\"elementor-image-box-description\">La c\u00e1bala ense\u00f1a que el primer paso para encontrar tu camino en la vida es conocerte a ti mismo. A trav\u00e9s de la reflexi\u00f3n y la meditaci\u00f3n, puedes descubrir tus valores, habilidades, debilidades y pasiones, lo que te permitir\u00e1 identificar tu prop\u00f3sito y direcci\u00f3n en la vida.<\/p><\/div><\/div>\t\t\t\t<\/div>\n\t\t\t\t<\/div>\n\t\t\t\t<\/div>\n\t\t<div class=\"elementor-element elementor-element-19c353e e-con-full e-flex e-con e-child\" data-id=\"19c353e\" data-element_type=\"container\" data-e-type=\"container\">\n\t\t\t\t<div class=\"elementor-element elementor-element-cf58c78 elementor-widget__width-initial elementor-position-top elementor-widget elementor-widget-image-box\" data-id=\"cf58c78\" data-element_type=\"widget\" data-e-type=\"widget\" data-widget_type=\"image-box.default\">\n\t\t\t\t<div class=\"elementor-widget-container\">\n\t\t\t\t\t<div class=\"elementor-image-box-wrapper\"><figure class=\"elementor-image-box-img\"><img decoding=\"async\" width=\"300\" height=\"225\" src=\"https:\/\/naturjiva.net\/wp-content\/uploads\/2024\/02\/Default_Create_an_image_that_represents_the_interconnectedness_2-300x225.jpg\" class=\"attachment-medium size-medium wp-image-416\" alt=\"Identificando patrones\" srcset=\"https:\/\/naturjiva.net\/wp-content\/uploads\/2024\/02\/Default_Create_an_image_that_represents_the_interconnectedness_2-300x225.jpg 300w, https:\/\/naturjiva.net\/wp-content\/uploads\/2024\/02\/Default_Create_an_image_that_represents_the_interconnectedness_2-768x576.jpg 768w, https:\/\/naturjiva.net\/wp-content\/uploads\/2024\/02\/Default_Create_an_image_that_represents_the_interconnectedness_2-600x450.jpg 600w, https:\/\/naturjiva.net\/wp-content\/uploads\/2024\/02\/elementor\/thumbs\/Default_Create_an_image_that_represents_the_interconnectedness_2-qjwp02pvm9fc7ktnytvr552zzn1kschica36i2uens.jpg 400w, https:\/\/naturjiva.net\/wp-content\/uploads\/2024\/02\/Default_Create_an_image_that_represents_the_interconnectedness_2.jpg 1024w\" sizes=\"(max-width: 300px) 100vw, 300px\" \/><\/figure><div class=\"elementor-image-box-content\"><h3 class=\"elementor-image-box-title\">Comprensi\u00f3n de la conexi\u00f3n entre todas las cosas<\/h3><p class=\"elementor-image-box-description\">La c\u00e1bala ense\u00f1a que todo en el universo est\u00e1 interconectado y que cada acci\u00f3n y elecci\u00f3n que tomas tiene un impacto en ti mismo y en el mundo que te rodea. Al comprender esta conexi\u00f3n, puedes comenzar a ver que todos los eventos y experiencias en tu vida son parte de un patr\u00f3n m\u00e1s grande y que tienen un prop\u00f3sito espec\u00edfico para ti.<\/p><\/div><\/div>\t\t\t\t<\/div>\n\t\t\t\t<\/div>\n\t\t\t\t<\/div>\n\t\t<div class=\"elementor-element elementor-element-b976674 e-con-full e-flex e-con e-child\" data-id=\"b976674\" data-element_type=\"container\" data-e-type=\"container\">\n\t\t\t\t<div class=\"elementor-element elementor-element-faa7493 elementor-widget__width-initial elementor-position-top elementor-widget elementor-widget-image-box\" data-id=\"faa7493\" data-element_type=\"widget\" data-e-type=\"widget\" data-widget_type=\"image-box.default\">\n\t\t\t\t<div class=\"elementor-widget-container\">\n\t\t\t\t\t<div class=\"elementor-image-box-wrapper\"><figure class=\"elementor-image-box-img\"><img loading=\"lazy\" decoding=\"async\" width=\"300\" height=\"200\" src=\"https:\/\/naturjiva.net\/wp-content\/uploads\/2024\/02\/af9621d1-7816-4d09-ae37-bba3663a6900-300x200.png\" class=\"attachment-medium size-medium wp-image-404\" alt=\"Meditaci\u00f3n\" srcset=\"https:\/\/naturjiva.net\/wp-content\/uploads\/2024\/02\/af9621d1-7816-4d09-ae37-bba3663a6900-300x200.png 300w, https:\/\/naturjiva.net\/wp-content\/uploads\/2024\/02\/af9621d1-7816-4d09-ae37-bba3663a6900-1024x683.png 1024w, https:\/\/naturjiva.net\/wp-content\/uploads\/2024\/02\/af9621d1-7816-4d09-ae37-bba3663a6900-768x512.png 768w, https:\/\/naturjiva.net\/wp-content\/uploads\/2024\/02\/af9621d1-7816-4d09-ae37-bba3663a6900-600x400.png 600w, https:\/\/naturjiva.net\/wp-content\/uploads\/2024\/02\/af9621d1-7816-4d09-ae37-bba3663a6900.png 1152w\" sizes=\"(max-width: 300px) 100vw, 300px\" \/><\/figure><div class=\"elementor-image-box-content\"><h3 class=\"elementor-image-box-title\">Identificaci\u00f3n de patrones y tendencias<\/h3><p class=\"elementor-image-box-description\">La c\u00e1bala nos ense\u00f1a que los patrones y tendencias en nuestras vidas son guiados por leyes c\u00f3smicas y que podemos aprender a reconocerlos y trabajar con ellos para manifestar nuestros deseos y lograr nuestros objetivos. Al entender estos patrones, puedes hacer elecciones informadas y tomar decisiones que te lleven hacia tu camino en la vida.<\/p><\/div><\/div>\t\t\t\t<\/div>\n\t\t\t\t<\/div>\n\t\t\t\t<\/div>\n\t\t<div class=\"elementor-element elementor-element-940ffc8 e-con-full e-flex e-con e-child\" data-id=\"940ffc8\" data-element_type=\"container\" data-e-type=\"container\">\n\t\t\t\t<div class=\"elementor-element elementor-element-71d6aff elementor-widget__width-initial elementor-position-top elementor-widget elementor-widget-image-box\" data-id=\"71d6aff\" data-element_type=\"widget\" data-e-type=\"widget\" data-widget_type=\"image-box.default\">\n\t\t\t\t<div class=\"elementor-widget-container\">\n\t\t\t\t\t<div class=\"elementor-image-box-wrapper\"><figure class=\"elementor-image-box-img\"><img loading=\"lazy\" decoding=\"async\" width=\"300\" height=\"200\" src=\"https:\/\/naturjiva.net\/wp-content\/uploads\/2024\/02\/198cc6bc-462d-4fdb-b3c2-190d940ae0f3-300x200.png\" class=\"attachment-medium size-medium wp-image-417\" alt=\"prop\u00f3sito de la vida\" srcset=\"https:\/\/naturjiva.net\/wp-content\/uploads\/2024\/02\/198cc6bc-462d-4fdb-b3c2-190d940ae0f3-300x200.png 300w, https:\/\/naturjiva.net\/wp-content\/uploads\/2024\/02\/198cc6bc-462d-4fdb-b3c2-190d940ae0f3-1024x683.png 1024w, https:\/\/naturjiva.net\/wp-content\/uploads\/2024\/02\/198cc6bc-462d-4fdb-b3c2-190d940ae0f3-768x512.png 768w, https:\/\/naturjiva.net\/wp-content\/uploads\/2024\/02\/198cc6bc-462d-4fdb-b3c2-190d940ae0f3-600x400.png 600w, https:\/\/naturjiva.net\/wp-content\/uploads\/2024\/02\/198cc6bc-462d-4fdb-b3c2-190d940ae0f3.png 1152w\" sizes=\"(max-width: 300px) 100vw, 300px\" \/><\/figure><div class=\"elementor-image-box-content\"><h3 class=\"elementor-image-box-title\">Descubrimiento de la intenci\u00f3n y prop\u00f3sito<\/h3><p class=\"elementor-image-box-description\">La c\u00e1bala ense\u00f1a que cada persona tiene una intenci\u00f3n y prop\u00f3sito \u00fanico en la vida. A trav\u00e9s de la meditaci\u00f3n y la contemplaci\u00f3n, puedes descubrir tu prop\u00f3sito y direcci\u00f3n en la vida, lo que te permite vivir una vida m\u00e1s significativa y satisfactoria.<\/p><\/div><\/div>\t\t\t\t<\/div>\n\t\t\t\t<\/div>\n\t\t\t\t<\/div>\n\t\t\t\t<\/div>\n\t\t<div class=\"elementor-element elementor-element-06aa70e back e-flex e-con-boxed e-con e-parent\" data-id=\"06aa70e\" data-element_type=\"container\" data-e-type=\"container\" data-settings=\"{&quot;background_background&quot;:&quot;classic&quot;}\">\n\t\t\t\t\t<div class=\"e-con-inner\">\n\t\t\t\t<div class=\"elementor-element elementor-element-0849f42 elementor-widget elementor-widget-heading\" data-id=\"0849f42\" data-element_type=\"widget\" data-e-type=\"widget\" data-widget_type=\"heading.default\">\n\t\t\t\t<div class=\"elementor-widget-container\">\n\t\t\t\t\t<h2 class=\"elementor-heading-title elementor-size-default\">A\u00f1ade aqu\u00ed tu texto de cabecera<\/h2>\t\t\t\t<\/div>\n\t\t\t\t<\/div>\n\t\t\t\t\t<\/div>\n\t\t\t\t<\/div>\n\t\t\t\t<\/div>\n\t\t","protected":false},"excerpt":{"rendered":"<p>\u00abDescubre el poder de la c\u00e1bala en tu vida\u00bb Explora nuestros estudios cabal\u00edsticos y encuentra el camino a la felicidad y el \u00e9xito La c\u00e1bala es una antigua tradici\u00f3n m\u00edstica y espiritual que se origin\u00f3 en el juda\u00edsmo y se ha desarrollado a lo largo de siglos. Se basa en la idea de que cada [&hellip;]<\/p>\n","protected":false},"author":1,"featured_media":0,"parent":0,"menu_order":0,"comment_status":"closed","ping_status":"closed","template":"","meta":{"om_disable_all_campaigns":false,"_monsterinsights_skip_tracking":false,"_monsterinsights_sitenote_active":false,"_monsterinsights_sitenote_note":"","_monsterinsights_sitenote_category":0,"site-sidebar-layout":"no-sidebar","site-content-layout":"","ast-site-content-layout":"full-width-container","site-content-style":"default","site-sidebar-style":"default","ast-global-header-display":"","ast-banner-title-visibility":"","ast-main-header-display":"","ast-hfb-above-header-display":"","ast-hfb-below-header-display":"","ast-hfb-mobile-header-display":"","site-post-title":"disabled","ast-breadcrumbs-content":"","ast-featured-img":"","footer-sml-layout":"","ast-disable-related-posts":"","theme-transparent-header-meta":"","adv-header-id-meta":"","stick-header-meta":"","header-above-stick-meta":"","header-main-stick-meta":"","header-below-stick-meta":"","astra-migrate-meta-layouts":"","ast-page-background-enabled":"default","ast-page-background-meta":{"desktop":{"background-color":"var(--ast-global-color-4)","background-image":"","background-repeat":"repeat","background-position":"center center","background-size":"auto","background-attachment":"scroll","background-type":"","background-media":"","overlay-type":"","overlay-color":"","overlay-opacity":"","overlay-gradient":""},"tablet":{"background-color":"","background-image":"","background-repeat":"repeat","background-position":"center center","background-size":"auto","background-attachment":"scroll","background-type":"","background-media":"","overlay-type":"","overlay-color":"","overlay-opacity":"","overlay-gradient":""},"mobile":{"background-color":"","background-image":"","background-repeat":"repeat","background-position":"center center","background-size":"auto","background-attachment":"scroll","background-type":"","background-media":"","overlay-type":"","overlay-color":"","overlay-opacity":"","overlay-gradient":""}},"ast-content-background-meta":{"desktop":{"background-color":"var(--ast-global-color-5)","background-image":"","background-repeat":"repeat","background-position":"center center","background-size":"auto","background-attachment":"scroll","background-type":"","background-media":"","overlay-type":"","overlay-color":"","overlay-opacity":"","overlay-gradient":""},"tablet":{"background-color":"var(--ast-global-color-5)","background-image":"","background-repeat":"repeat","background-position":"center center","background-size":"auto","background-attachment":"scroll","background-type":"","background-media":"","overlay-type":"","overlay-color":"","overlay-opacity":"","overlay-gradient":""},"mobile":{"background-color":"var(--ast-global-color-5)","background-image":"","background-repeat":"repeat","background-position":"center center","background-size":"auto","background-attachment":"scroll","background-type":"","background-media":"","overlay-type":"","overlay-color":"","overlay-opacity":"","overlay-gradient":""}},"footnotes":""},"class_list":["post-18","page","type-page","status-publish","hentry"],"aioseo_notices":[],"_links":{"self":[{"href":"https:\/\/naturjiva.net\/index.php\/wp-json\/wp\/v2\/pages\/18","targetHints":{"allow":["GET"]}}],"collection":[{"href":"https:\/\/naturjiva.net\/index.php\/wp-json\/wp\/v2\/pages"}],"about":[{"href":"https:\/\/naturjiva.net\/index.php\/wp-json\/wp\/v2\/types\/page"}],"author":[{"embeddable":true,"href":"https:\/\/naturjiva.net\/index.php\/wp-json\/wp\/v2\/users\/1"}],"replies":[{"embeddable":true,"href":"https:\/\/naturjiva.net\/index.php\/wp-json\/wp\/v2\/comments?post=18"}],"version-history":[{"count":169,"href":"https:\/\/naturjiva.net\/index.php\/wp-json\/wp\/v2\/pages\/18\/revisions"}],"predecessor-version":[{"id":604,"href":"https:\/\/naturjiva.net\/index.php\/wp-json\/wp\/v2\/pages\/18\/revisions\/604"}],"wp:attachment":[{"href":"https:\/\/naturjiva.net\/index.php\/wp-json\/wp\/v2\/media?parent=18"}],"curies":[{"name":"wp","href":"https:\/\/api.w.org\/{rel}","templated":true}]}}