{"id":541,"date":"2024-02-18T00:01:59","date_gmt":"2024-02-17T23:01:59","guid":{"rendered":"https:\/\/naturjiva.net\/?page_id=541"},"modified":"2024-02-18T01:03:37","modified_gmt":"2024-02-18T00:03:37","slug":"prueba","status":"publish","type":"page","link":"https:\/\/naturjiva.net\/index.php\/prueba\/","title":{"rendered":"prueba"},"content":{"rendered":"\t\t<div data-elementor-type=\"wp-page\" data-elementor-id=\"541\" class=\"elementor elementor-541\">\n\t\t\t\t<div class=\"elementor-element elementor-element-346c05b e-flex e-con-boxed e-con e-parent\" data-id=\"346c05b\" data-element_type=\"container\" data-e-type=\"container\" data-settings=\"{&quot;background_background&quot;:&quot;classic&quot;}\">\n\t\t\t\t\t<div class=\"e-con-inner\">\n\t\t\t\t\t<\/div>\n\t\t\t\t<\/div>\n\t\t<div class=\"elementor-element elementor-element-96bf903 e-flex e-con-boxed e-con e-parent\" data-id=\"96bf903\" data-element_type=\"container\" data-e-type=\"container\">\n\t\t\t\t\t<div class=\"e-con-inner\">\n\t\t<div class=\"elementor-element elementor-element-a86efc5 e-con-full e-flex e-con e-child\" data-id=\"a86efc5\" data-element_type=\"container\" data-e-type=\"container\">\n\t\t\t\t<div class=\"elementor-element elementor-element-8ebf48e elementor-widget elementor-widget-heading\" data-id=\"8ebf48e\" data-element_type=\"widget\" data-e-type=\"widget\" data-widget_type=\"heading.default\">\n\t\t\t\t<div class=\"elementor-widget-container\">\n\t\t\t\t\t<h3 class=\"elementor-heading-title elementor-size-default\">\u00bfQu\u00e9 es la c\u00e1bala?<\/h3>\t\t\t\t<\/div>\n\t\t\t\t<\/div>\n\t\t\t\t<div class=\"elementor-element elementor-element-f860d71 elementor-widget elementor-widget-text-editor\" data-id=\"f860d71\" data-element_type=\"widget\" data-e-type=\"widget\" data-widget_type=\"text-editor.default\">\n\t\t\t\t<div class=\"elementor-widget-container\">\n\t\t\t\t\t\t\t\t\t<p>La c\u00e1bala es una corriente filos\u00f3fica y m\u00edstica que surgi\u00f3 dentro del juda\u00edsmo y se desarroll\u00f3 a partir del siglo II d.C. Su nombre proviene del hebreo \u00abkabbalah\u00bb, que significa \u00abrecibir\u00bb o \u00abtradici\u00f3n\u00bb. La c\u00e1bala es una interpretaci\u00f3n misticay aleg\u00f3rica de la Tor\u00e1 y otros textos sagrados jud\u00edos, con el objetivo de descubrir su significado oculto y profundo.<\/p><p>El origen de la c\u00e1bala se atribuye a los sabios y mistagogos jud\u00edos de la \u00e9poca talm\u00fadica, quienes buscaban penetrar en el misterio divino y comprehender la naturaleza de Dios y su relaci\u00f3n con el mundo. La c\u00e1bala se basa en la creencia de que la Tor\u00e1 contiene secretos y verdades escondidas que solo pueden ser reveladas a trav\u00e9s de la interpretaci\u00f3n simb\u00f3lica y aleg\u00f3rica de sus palabras y expresiones.<\/p><p>La c\u00e1bala se desarroll\u00f3 en diferentes centros de estudio en Israel y Europa, y se dividi\u00f3 en varias ramas, como la c\u00e1bala hermen\u00e9utica, la c\u00e1bala teol\u00f3gica y la c\u00e1bala pr\u00e1ctica. Esta \u00faltima se enfoca en la aplicaci\u00f3n de los principios cabal\u00edsticos a la vida diaria y la spiritualidad personal.<\/p><p>Desde su origen, la c\u00e1bala ha tenido una gran influencia en la cultura y la religi\u00f3n jud\u00edas, y ha inspirado movimientos y ense\u00f1anzas espirituales en otras tradiciones religiosas y culturas.<\/p>\t\t\t\t\t\t\t\t<\/div>\n\t\t\t\t<\/div>\n\t\t\t\t<\/div>\n\t\t<div class=\"elementor-element elementor-element-e568edb e-con-full back e-flex e-con e-child\" data-id=\"e568edb\" data-element_type=\"container\" data-e-type=\"container\" data-settings=\"{&quot;background_background&quot;:&quot;classic&quot;}\">\n\t\t\t\t<\/div>\n\t\t\t\t\t<\/div>\n\t\t\t\t<\/div>\n\t\t\t\t<\/div>\n\t\t","protected":false},"excerpt":{"rendered":"<p>\u00bfQu\u00e9 es la c\u00e1bala? La c\u00e1bala es una corriente filos\u00f3fica y m\u00edstica que surgi\u00f3 dentro del juda\u00edsmo y se desarroll\u00f3 a partir del siglo II d.C. Su nombre proviene del hebreo \u00abkabbalah\u00bb, que significa \u00abrecibir\u00bb o \u00abtradici\u00f3n\u00bb. La c\u00e1bala es una interpretaci\u00f3n misticay aleg\u00f3rica de la Tor\u00e1 y otros textos sagrados jud\u00edos, con el objetivo [&hellip;]<\/p>\n","protected":false},"author":1,"featured_media":0,"parent":0,"menu_order":0,"comment_status":"closed","ping_status":"closed","template":"","meta":{"om_disable_all_campaigns":false,"_monsterinsights_skip_tracking":false,"_monsterinsights_sitenote_active":false,"_monsterinsights_sitenote_note":"","_monsterinsights_sitenote_category":0,"site-sidebar-layout":"no-sidebar","site-content-layout":"","ast-site-content-layout":"full-width-container","site-content-style":"default","site-sidebar-style":"default","ast-global-header-display":"","ast-banner-title-visibility":"","ast-main-header-display":"","ast-hfb-above-header-display":"","ast-hfb-below-header-display":"","ast-hfb-mobile-header-display":"","site-post-title":"disabled","ast-breadcrumbs-content":"","ast-featured-img":"disabled","footer-sml-layout":"","ast-disable-related-posts":"","theme-transparent-header-meta":"","adv-header-id-meta":"","stick-header-meta":"","header-above-stick-meta":"","header-main-stick-meta":"","header-below-stick-meta":"","astra-migrate-meta-layouts":"default","ast-page-background-enabled":"default","ast-page-background-meta":{"desktop":{"background-color":"var(--ast-global-color-4)","background-image":"","background-repeat":"repeat","background-position":"center center","background-size":"auto","background-attachment":"scroll","background-type":"","background-media":"","overlay-type":"","overlay-color":"","overlay-opacity":"","overlay-gradient":""},"tablet":{"background-color":"","background-image":"","background-repeat":"repeat","background-position":"center center","background-size":"auto","background-attachment":"scroll","background-type":"","background-media":"","overlay-type":"","overlay-color":"","overlay-opacity":"","overlay-gradient":""},"mobile":{"background-color":"","background-image":"","background-repeat":"repeat","background-position":"center center","background-size":"auto","background-attachment":"scroll","background-type":"","background-media":"","overlay-type":"","overlay-color":"","overlay-opacity":"","overlay-gradient":""}},"ast-content-background-meta":{"desktop":{"background-color":"var(--ast-global-color-5)","background-image":"","background-repeat":"repeat","background-position":"center center","background-size":"auto","background-attachment":"scroll","background-type":"","background-media":"","overlay-type":"","overlay-color":"","overlay-opacity":"","overlay-gradient":""},"tablet":{"background-color":"var(--ast-global-color-5)","background-image":"","background-repeat":"repeat","background-position":"center center","background-size":"auto","background-attachment":"scroll","background-type":"","background-media":"","overlay-type":"","overlay-color":"","overlay-opacity":"","overlay-gradient":""},"mobile":{"background-color":"var(--ast-global-color-5)","background-image":"","background-repeat":"repeat","background-position":"center center","background-size":"auto","background-attachment":"scroll","background-type":"","background-media":"","overlay-type":"","overlay-color":"","overlay-opacity":"","overlay-gradient":""}},"footnotes":""},"class_list":["post-541","page","type-page","status-publish","hentry"],"aioseo_notices":[],"_links":{"self":[{"href":"https:\/\/naturjiva.net\/index.php\/wp-json\/wp\/v2\/pages\/541","targetHints":{"allow":["GET"]}}],"collection":[{"href":"https:\/\/naturjiva.net\/index.php\/wp-json\/wp\/v2\/pages"}],"about":[{"href":"https:\/\/naturjiva.net\/index.php\/wp-json\/wp\/v2\/types\/page"}],"author":[{"embeddable":true,"href":"https:\/\/naturjiva.net\/index.php\/wp-json\/wp\/v2\/users\/1"}],"replies":[{"embeddable":true,"href":"https:\/\/naturjiva.net\/index.php\/wp-json\/wp\/v2\/comments?post=541"}],"version-history":[{"count":37,"href":"https:\/\/naturjiva.net\/index.php\/wp-json\/wp\/v2\/pages\/541\/revisions"}],"predecessor-version":[{"id":579,"href":"https:\/\/naturjiva.net\/index.php\/wp-json\/wp\/v2\/pages\/541\/revisions\/579"}],"wp:attachment":[{"href":"https:\/\/naturjiva.net\/index.php\/wp-json\/wp\/v2\/media?parent=541"}],"curies":[{"name":"wp","href":"https:\/\/api.w.org\/{rel}","templated":true}]}}